{"id":12,"date":"2025-11-12T10:01:45","date_gmt":"2025-11-12T10:01:45","guid":{"rendered":"https:\/\/web14.prototipoweb.es\/?page_id=12"},"modified":"2026-02-14T08:50:15","modified_gmt":"2026-02-14T08:50:15","slug":"sobre-nosotros","status":"publish","type":"page","link":"https:\/\/web14.prototipoweb.es\/index.php\/sobre-nosotros\/","title":{"rendered":"Sobre Nosotros"},"content":{"rendered":"\t\t<div data-elementor-type=\"wp-page\" data-elementor-id=\"12\" class=\"elementor elementor-12\" data-elementor-post-type=\"page\">\n\t\t\t\t<div class=\"elementor-element elementor-element-cc97b8a e-flex e-con-boxed e-con e-parent\" data-id=\"cc97b8a\" data-element_type=\"container\" data-settings=\"{&quot;background_background&quot;:&quot;classic&quot;}\">\n\t\t\t\t\t<div class=\"e-con-inner\">\n\t\t\t\t<div class=\"elementor-element elementor-element-77f59df elementor-widget__width-initial elementor-widget elementor-widget-heading\" data-id=\"77f59df\" data-element_type=\"widget\" data-widget_type=\"heading.default\">\n\t\t\t\t\t<h2 class=\"elementor-heading-title elementor-size-default\">Nuestra historia, nuestros valores<\/h2>\t\t\t\t<\/div>\n\t\t\t\t\t<\/div>\n\t\t\t\t<\/div>\n\t\t<div class=\"elementor-element elementor-element-548d944 e-flex e-con-boxed e-con e-parent\" data-id=\"548d944\" data-element_type=\"container\" data-settings=\"{&quot;background_background&quot;:&quot;classic&quot;}\">\n\t\t\t\t\t<div class=\"e-con-inner\">\n\t\t\t\t<div class=\"elementor-element elementor-element-8b91133 elementor-widget__width-initial elementor-widget elementor-widget-text-editor\" data-id=\"8b91133\" data-element_type=\"widget\" data-widget_type=\"text-editor.default\">\n\t\t\t\t\t\t\t\t\t<p class=\"text-xl text-muted-foreground leading-relaxed mb-6\" style=\"--tw-border-spacing-x: 0; --tw-border-spacing-y: 0; --tw-translate-x: 0; --tw-translate-y: 0; --tw-rotate: 0; --tw-skew-x: 0; --tw-skew-y: 0; --tw-scale-x: 1; --tw-scale-y: 1; --tw-scroll-snap-strictness: proximity; --tw-ring-offset-width: 0px; --tw-ring-offset-color: #fff; --tw-ring-color: rgb(59 130 246 \/ .5); --tw-ring-offset-shadow: 0 0 #0000; --tw-ring-shadow: 0 0 #0000; --tw-shadow: 0 0 #0000; --tw-shadow-colored: 0 0 #0000; margin: 0px 0px 1.5rem; font-size: 1.25rem; line-height: 1.625; color: #67737e; font-family: Poppins, Inter, sans-serif; border: 0px solid #e0e6eb;\">Despu\u00e9s de m\u00e1s de veinte a\u00f1os en el mercado de la ingenier\u00eda seguimos manteniendo intacta\u00a0<span class=\"text-foreground\" style=\"--tw-border-spacing-x: 0; --tw-border-spacing-y: 0; --tw-translate-x: 0; --tw-translate-y: 0; --tw-rotate: 0; --tw-skew-x: 0; --tw-skew-y: 0; --tw-scale-x: 1; --tw-scale-y: 1; --tw-scroll-snap-strictness: proximity; --tw-ring-offset-width: 0px; --tw-ring-offset-color: #fff; --tw-ring-color: rgb(59 130 246 \/ .5); --tw-ring-offset-shadow: 0 0 #0000; --tw-ring-shadow: 0 0 #0000; --tw-shadow: 0 0 #0000; --tw-shadow-colored: 0 0 #0000; font-weight: bolder; color: #21262c; border: 0px solid #e0e6eb;\">la ilusi\u00f3n del primer d\u00eda<\/span>.<\/p><p class=\"text-xl text-muted-foreground leading-relaxed mb-6\" style=\"--tw-border-spacing-x: 0; --tw-border-spacing-y: 0; --tw-translate-x: 0; --tw-translate-y: 0; --tw-rotate: 0; --tw-skew-x: 0; --tw-skew-y: 0; --tw-scale-x: 1; --tw-scale-y: 1; --tw-scroll-snap-strictness: proximity; --tw-ring-offset-width: 0px; --tw-ring-offset-color: #fff; --tw-ring-color: rgb(59 130 246 \/ .5); --tw-ring-offset-shadow: 0 0 #0000; --tw-ring-shadow: 0 0 #0000; --tw-shadow: 0 0 #0000; --tw-shadow-colored: 0 0 #0000; margin: 0px 0px 1.5rem; font-size: 1.25rem; line-height: 1.625; color: #67737e; font-family: Poppins, Inter, sans-serif; border: 0px solid #e0e6eb;\">Apostamos por la\u00a0<span class=\"text-foreground\" style=\"--tw-border-spacing-x: 0; --tw-border-spacing-y: 0; --tw-translate-x: 0; --tw-translate-y: 0; --tw-rotate: 0; --tw-skew-x: 0; --tw-skew-y: 0; --tw-scale-x: 1; --tw-scale-y: 1; --tw-scroll-snap-strictness: proximity; --tw-ring-offset-width: 0px; --tw-ring-offset-color: #fff; --tw-ring-color: rgb(59 130 246 \/ .5); --tw-ring-offset-shadow: 0 0 #0000; --tw-ring-shadow: 0 0 #0000; --tw-shadow: 0 0 #0000; --tw-shadow-colored: 0 0 #0000; font-weight: bolder; color: #21262c; border: 0px solid #e0e6eb;\">innovaci\u00f3n<\/span>, el\u00a0<span class=\"text-foreground\" style=\"--tw-border-spacing-x: 0; --tw-border-spacing-y: 0; --tw-translate-x: 0; --tw-translate-y: 0; --tw-rotate: 0; --tw-skew-x: 0; --tw-skew-y: 0; --tw-scale-x: 1; --tw-scale-y: 1; --tw-scroll-snap-strictness: proximity; --tw-ring-offset-width: 0px; --tw-ring-offset-color: #fff; --tw-ring-color: rgb(59 130 246 \/ .5); --tw-ring-offset-shadow: 0 0 #0000; --tw-ring-shadow: 0 0 #0000; --tw-shadow: 0 0 #0000; --tw-shadow-colored: 0 0 #0000; font-weight: bolder; color: #21262c; border: 0px solid #e0e6eb;\">rigor<\/span>\u00a0y el\u00a0<span class=\"text-foreground\" style=\"--tw-border-spacing-x: 0; --tw-border-spacing-y: 0; --tw-translate-x: 0; --tw-translate-y: 0; --tw-rotate: 0; --tw-skew-x: 0; --tw-skew-y: 0; --tw-scale-x: 1; --tw-scale-y: 1; --tw-scroll-snap-strictness: proximity; --tw-ring-offset-width: 0px; --tw-ring-offset-color: #fff; --tw-ring-color: rgb(59 130 246 \/ .5); --tw-ring-offset-shadow: 0 0 #0000; --tw-ring-shadow: 0 0 #0000; --tw-shadow: 0 0 #0000; --tw-shadow-colored: 0 0 #0000; font-weight: bolder; color: #21262c; border: 0px solid #e0e6eb;\">trabajo bien hecho<\/span>.<\/p><p class=\"text-xl text-muted-foreground leading-relaxed\" style=\"--tw-border-spacing-x: 0; --tw-border-spacing-y: 0; --tw-translate-x: 0; --tw-translate-y: 0; --tw-rotate: 0; --tw-skew-x: 0; --tw-skew-y: 0; --tw-scale-x: 1; --tw-scale-y: 1; --tw-scroll-snap-strictness: proximity; --tw-ring-offset-width: 0px; --tw-ring-offset-color: #fff; --tw-ring-color: rgb(59 130 246 \/ .5); --tw-ring-offset-shadow: 0 0 #0000; --tw-ring-shadow: 0 0 #0000; --tw-shadow: 0 0 #0000; --tw-shadow-colored: 0 0 #0000; margin: 0px; font-size: 1.25rem; line-height: 1.625; color: #67737e; font-family: Poppins, Inter, sans-serif; border: 0px solid #e0e6eb;\">Nuestra misi\u00f3n es ofrecer un\u00a0<span class=\"text-foreground\" style=\"--tw-border-spacing-x: 0; --tw-border-spacing-y: 0; --tw-translate-x: 0; --tw-translate-y: 0; --tw-rotate: 0; --tw-skew-x: 0; --tw-skew-y: 0; --tw-scale-x: 1; --tw-scale-y: 1; --tw-scroll-snap-strictness: proximity; --tw-ring-offset-width: 0px; --tw-ring-offset-color: #fff; --tw-ring-color: rgb(59 130 246 \/ .5); --tw-ring-offset-shadow: 0 0 #0000; --tw-ring-shadow: 0 0 #0000; --tw-shadow: 0 0 #0000; --tw-shadow-colored: 0 0 #0000; font-weight: bolder; color: #21262c; border: 0px solid #e0e6eb;\">servicio integral<\/span>\u00a0que combine dise\u00f1o, producci\u00f3n y calidad en cada proyecto.<\/p>\t\t\t\t\t\t\t\t<\/div>\n\t\t<div class=\"elementor-element elementor-element-aeb9f84 e-con-full e-flex e-con e-child\" data-id=\"aeb9f84\" data-element_type=\"container\">\n\t\t<div class=\"elementor-element elementor-element-bf2b4c2 e-con-full e-flex e-con e-child\" data-id=\"bf2b4c2\" data-element_type=\"container\" data-settings=\"{&quot;background_background&quot;:&quot;classic&quot;}\">\n\t\t\t\t<div class=\"elementor-element elementor-element-436f62a elementor-view-stacked elementor-shape-circle elementor-widget elementor-widget-icon\" data-id=\"436f62a\" data-element_type=\"widget\" data-widget_type=\"icon.default\">\n\t\t\t\t\t\t\t<div class=\"elementor-icon-wrapper\">\n\t\t\t<div class=\"elementor-icon\">\n\t\t\t<svg aria-hidden=\"true\" class=\"e-font-icon-svg e-fas-file\" viewBox=\"0 0 384 512\" xmlns=\"http:\/\/www.w3.org\/2000\/svg\"><path d=\"M224 136V0H24C10.7 0 0 10.7 0 24v464c0 13.3 10.7 24 24 24h336c13.3 0 24-10.7 24-24V160H248c-13.2 0-24-10.8-24-24zm160-14.1v6.1H256V0h6.1c6.4 0 12.5 2.5 17 7l97.9 98c4.5 4.5 7 10.6 7 16.9z\"><\/path><\/svg>\t\t\t<\/div>\n\t\t<\/div>\n\t\t\t\t\t\t<\/div>\n\t\t\t\t<div class=\"elementor-element elementor-element-532af35 elementor-widget elementor-widget-heading\" data-id=\"532af35\" data-element_type=\"widget\" data-widget_type=\"heading.default\">\n\t\t\t\t\t<h2 class=\"elementor-heading-title elementor-size-default\">Calidad<\/h2>\t\t\t\t<\/div>\n\t\t\t\t<div class=\"elementor-element elementor-element-8038092 elementor-widget__width-initial elementor-widget elementor-widget-heading\" data-id=\"8038092\" data-element_type=\"widget\" data-widget_type=\"heading.default\">\n\t\t\t\t\t<h2 class=\"elementor-heading-title elementor-size-default\">Excelencia en cada entrega, cumpliendo los m\u00e1s altos est\u00e1ndares de la industria.<\/h2>\t\t\t\t<\/div>\n\t\t\t\t<\/div>\n\t\t<div class=\"elementor-element elementor-element-0c78506 e-con-full e-flex e-con e-child\" data-id=\"0c78506\" data-element_type=\"container\" data-settings=\"{&quot;background_background&quot;:&quot;classic&quot;}\">\n\t\t\t\t<div class=\"elementor-element elementor-element-0f47755 elementor-view-stacked elementor-shape-circle elementor-widget elementor-widget-icon\" data-id=\"0f47755\" data-element_type=\"widget\" data-widget_type=\"icon.default\">\n\t\t\t\t\t\t\t<div class=\"elementor-icon-wrapper\">\n\t\t\t<div class=\"elementor-icon\">\n\t\t\t<svg aria-hidden=\"true\" class=\"e-font-icon-svg e-fas-bullseye\" viewBox=\"0 0 496 512\" xmlns=\"http:\/\/www.w3.org\/2000\/svg\"><path d=\"M248 8C111.03 8 0 119.03 0 256s111.03 248 248 248 248-111.03 248-248S384.97 8 248 8zm0 432c-101.69 0-184-82.29-184-184 0-101.69 82.29-184 184-184 101.69 0 184 82.29 184 184 0 101.69-82.29 184-184 184zm0-312c-70.69 0-128 57.31-128 128s57.31 128 128 128 128-57.31 128-128-57.31-128-128-128zm0 192c-35.29 0-64-28.71-64-64s28.71-64 64-64 64 28.71 64 64-28.71 64-64 64z\"><\/path><\/svg>\t\t\t<\/div>\n\t\t<\/div>\n\t\t\t\t\t\t<\/div>\n\t\t\t\t<div class=\"elementor-element elementor-element-722d92e elementor-widget elementor-widget-heading\" data-id=\"722d92e\" data-element_type=\"widget\" data-widget_type=\"heading.default\">\n\t\t\t\t\t<h2 class=\"elementor-heading-title elementor-size-default\">Innovaci\u00f3n<\/h2>\t\t\t\t<\/div>\n\t\t\t\t<div class=\"elementor-element elementor-element-706ca01 elementor-widget__width-initial elementor-widget elementor-widget-heading\" data-id=\"706ca01\" data-element_type=\"widget\" data-widget_type=\"heading.default\">\n\t\t\t\t\t<h2 class=\"elementor-heading-title elementor-size-default\">Mejora continua en todos los procesos, tecnolog\u00eda de vanguardia.<\/h2>\t\t\t\t<\/div>\n\t\t\t\t<\/div>\n\t\t<div class=\"elementor-element elementor-element-12b5e7d e-con-full e-flex e-con e-child\" data-id=\"12b5e7d\" data-element_type=\"container\" data-settings=\"{&quot;background_background&quot;:&quot;classic&quot;}\">\n\t\t\t\t<div class=\"elementor-element elementor-element-f439af8 elementor-view-stacked elementor-shape-circle elementor-widget elementor-widget-icon\" data-id=\"f439af8\" data-element_type=\"widget\" data-widget_type=\"icon.default\">\n\t\t\t\t\t\t\t<div class=\"elementor-icon-wrapper\">\n\t\t\t<div class=\"elementor-icon\">\n\t\t\t<svg aria-hidden=\"true\" class=\"e-font-icon-svg e-fas-users\" viewBox=\"0 0 640 512\" xmlns=\"http:\/\/www.w3.org\/2000\/svg\"><path d=\"M96 224c35.3 0 64-28.7 64-64s-28.7-64-64-64-64 28.7-64 64 28.7 64 64 64zm448 0c35.3 0 64-28.7 64-64s-28.7-64-64-64-64 28.7-64 64 28.7 64 64 64zm32 32h-64c-17.6 0-33.5 7.1-45.1 18.6 40.3 22.1 68.9 62 75.1 109.4h66c17.7 0 32-14.3 32-32v-32c0-35.3-28.7-64-64-64zm-256 0c61.9 0 112-50.1 112-112S381.9 32 320 32 208 82.1 208 144s50.1 112 112 112zm76.8 32h-8.3c-20.8 10-43.9 16-68.5 16s-47.6-6-68.5-16h-8.3C179.6 288 128 339.6 128 403.2V432c0 26.5 21.5 48 48 48h288c26.5 0 48-21.5 48-48v-28.8c0-63.6-51.6-115.2-115.2-115.2zm-223.7-13.4C161.5 263.1 145.6 256 128 256H64c-35.3 0-64 28.7-64 64v32c0 17.7 14.3 32 32 32h65.9c6.3-47.4 34.9-87.3 75.2-109.4z\"><\/path><\/svg>\t\t\t<\/div>\n\t\t<\/div>\n\t\t\t\t\t\t<\/div>\n\t\t\t\t<div class=\"elementor-element elementor-element-4ec8e35 elementor-widget elementor-widget-heading\" data-id=\"4ec8e35\" data-element_type=\"widget\" data-widget_type=\"heading.default\">\n\t\t\t\t\t<h2 class=\"elementor-heading-title elementor-size-default\">Apoyo<\/h2>\t\t\t\t<\/div>\n\t\t\t\t<div class=\"elementor-element elementor-element-904d745 elementor-widget__width-initial elementor-widget elementor-widget-heading\" data-id=\"904d745\" data-element_type=\"widget\" data-widget_type=\"heading.default\">\n\t\t\t\t\t<h2 class=\"elementor-heading-title elementor-size-default\">Compromiso con nuestro equipo y nuestros clientes en cada etapa.<\/h2>\t\t\t\t<\/div>\n\t\t\t\t<\/div>\n\t\t\t\t<\/div>\n\t\t<div class=\"elementor-element elementor-element-04e88ce e-con-full e-flex e-con e-child\" data-id=\"04e88ce\" data-element_type=\"container\" data-settings=\"{&quot;background_background&quot;:&quot;classic&quot;}\">\n\t\t\t\t<div class=\"elementor-element elementor-element-56a4dc7 elementor-widget elementor-widget-image\" data-id=\"56a4dc7\" data-element_type=\"widget\" data-widget_type=\"image.default\">\n\t\t\t\t\t\t\t\t\t\t\t\t\t\t\t<img fetchpriority=\"high\" decoding=\"async\" width=\"737\" height=\"551\" src=\"https:\/\/web14.prototipoweb.es\/wp-content\/uploads\/2025\/11\/Captura-de-pantalla-2025-11-27-203012.png\" class=\"attachment-large size-large wp-image-203\" alt=\"\" srcset=\"https:\/\/web14.prototipoweb.es\/wp-content\/uploads\/2025\/11\/Captura-de-pantalla-2025-11-27-203012.png 737w, https:\/\/web14.prototipoweb.es\/wp-content\/uploads\/2025\/11\/Captura-de-pantalla-2025-11-27-203012-300x224.png 300w\" sizes=\"(max-width: 737px) 100vw, 737px\" \/>\t\t\t\t\t\t\t\t\t\t\t\t\t\t\t<\/div>\n\t\t\t\t<div class=\"elementor-element elementor-element-34309c4 elementor-widget elementor-widget-image\" data-id=\"34309c4\" data-element_type=\"widget\" data-widget_type=\"image.default\">\n\t\t\t\t\t\t\t\t\t\t\t\t\t\t\t<img decoding=\"async\" width=\"768\" height=\"1024\" src=\"https:\/\/web14.prototipoweb.es\/wp-content\/uploads\/2026\/02\/1-768x1024.jpg\" class=\"attachment-medium_large size-medium_large wp-image-289\" alt=\"\" srcset=\"https:\/\/web14.prototipoweb.es\/wp-content\/uploads\/2026\/02\/1-768x1024.jpg 768w, https:\/\/web14.prototipoweb.es\/wp-content\/uploads\/2026\/02\/1-225x300.jpg 225w, https:\/\/web14.prototipoweb.es\/wp-content\/uploads\/2026\/02\/1-1152x1536.jpg 1152w, https:\/\/web14.prototipoweb.es\/wp-content\/uploads\/2026\/02\/1-1536x2048.jpg 1536w, https:\/\/web14.prototipoweb.es\/wp-content\/uploads\/2026\/02\/1-scaled.jpg 1920w\" sizes=\"(max-width: 768px) 100vw, 768px\" \/>\t\t\t\t\t\t\t\t\t\t\t\t\t\t\t<\/div>\n\t\t\t\t<\/div>\n\t\t\t\t\t<\/div>\n\t\t\t\t<\/div>\n\t\t<div class=\"elementor-element elementor-element-10f13fc e-flex e-con-boxed e-con e-parent\" data-id=\"10f13fc\" data-element_type=\"container\" data-settings=\"{&quot;background_background&quot;:&quot;classic&quot;}\">\n\t\t\t\t\t<div class=\"e-con-inner\">\n\t\t\t\t<div class=\"elementor-element elementor-element-d12024d elementor-widget elementor-widget-heading\" data-id=\"d12024d\" data-element_type=\"widget\" data-widget_type=\"heading.default\">\n\t\t\t\t\t<h2 class=\"elementor-heading-title elementor-size-default\">M\u00e1s de 20 a\u00f1os de experiencia<\/h2>\t\t\t\t<\/div>\n\t\t<div class=\"elementor-element elementor-element-16fb4d4 e-con-full e-flex e-con e-child\" data-id=\"16fb4d4\" data-element_type=\"container\">\n\t\t<div class=\"elementor-element elementor-element-b7803b9 e-con-full e-flex e-con e-child\" data-id=\"b7803b9\" data-element_type=\"container\">\n\t\t\t\t<div class=\"elementor-element elementor-element-b02f382 elementor-widget elementor-widget-heading\" data-id=\"b02f382\" data-element_type=\"widget\" data-widget_type=\"heading.default\">\n\t\t\t\t\t<h2 class=\"elementor-heading-title elementor-size-default\">20+<\/h2>\t\t\t\t<\/div>\n\t\t\t\t<div class=\"elementor-element elementor-element-29ae4e5 elementor-widget__width-initial elementor-widget elementor-widget-heading\" data-id=\"29ae4e5\" data-element_type=\"widget\" data-widget_type=\"heading.default\">\n\t\t\t\t\t<h2 class=\"elementor-heading-title elementor-size-default\">A\u00f1os<\/h2>\t\t\t\t<\/div>\n\t\t\t\t<\/div>\n\t\t<div class=\"elementor-element elementor-element-3c61c49 e-con-full e-flex e-con e-child\" data-id=\"3c61c49\" data-element_type=\"container\">\n\t\t\t\t<div class=\"elementor-element elementor-element-24e5de5 elementor-widget elementor-widget-heading\" data-id=\"24e5de5\" data-element_type=\"widget\" data-widget_type=\"heading.default\">\n\t\t\t\t\t<h2 class=\"elementor-heading-title elementor-size-default\">500+<\/h2>\t\t\t\t<\/div>\n\t\t\t\t<div class=\"elementor-element elementor-element-f6ca23d elementor-widget__width-initial elementor-widget elementor-widget-heading\" data-id=\"f6ca23d\" data-element_type=\"widget\" data-widget_type=\"heading.default\">\n\t\t\t\t\t<h2 class=\"elementor-heading-title elementor-size-default\">Proyectos<\/h2>\t\t\t\t<\/div>\n\t\t\t\t<\/div>\n\t\t<div class=\"elementor-element elementor-element-3648bd3 e-con-full e-flex e-con e-child\" data-id=\"3648bd3\" data-element_type=\"container\">\n\t\t\t\t<div class=\"elementor-element elementor-element-ee15910 elementor-widget elementor-widget-heading\" data-id=\"ee15910\" data-element_type=\"widget\" data-widget_type=\"heading.default\">\n\t\t\t\t\t<h2 class=\"elementor-heading-title elementor-size-default\">100+<\/h2>\t\t\t\t<\/div>\n\t\t\t\t<div class=\"elementor-element elementor-element-0c651ba elementor-widget__width-initial elementor-widget elementor-widget-heading\" data-id=\"0c651ba\" data-element_type=\"widget\" data-widget_type=\"heading.default\">\n\t\t\t\t\t<h2 class=\"elementor-heading-title elementor-size-default\">Clientes<\/h2>\t\t\t\t<\/div>\n\t\t\t\t<\/div>\n\t\t<div class=\"elementor-element elementor-element-d26c3fc e-con-full e-flex e-con e-child\" data-id=\"d26c3fc\" data-element_type=\"container\">\n\t\t\t\t<div class=\"elementor-element elementor-element-6263740 elementor-widget elementor-widget-heading\" data-id=\"6263740\" data-element_type=\"widget\" data-widget_type=\"heading.default\">\n\t\t\t\t\t<h2 class=\"elementor-heading-title elementor-size-default\">2<\/h2>\t\t\t\t<\/div>\n\t\t\t\t<div class=\"elementor-element elementor-element-f06d088 elementor-widget__width-initial elementor-widget elementor-widget-heading\" data-id=\"f06d088\" data-element_type=\"widget\" data-widget_type=\"heading.default\">\n\t\t\t\t\t<h2 class=\"elementor-heading-title elementor-size-default\">Certificaciones ISO<\/h2>\t\t\t\t<\/div>\n\t\t\t\t<\/div>\n\t\t\t\t<\/div>\n\t\t\t\t\t<\/div>\n\t\t\t\t<\/div>\n\t\t\t\t<\/div>\n\t\t","protected":false},"excerpt":{"rendered":"<p>Nuestra historia, nuestros valores Despu\u00e9s de m\u00e1s de veinte a\u00f1os en el mercado de la ingenier\u00eda seguimos manteniendo intacta\u00a0la ilusi\u00f3n del primer d\u00eda. Apostamos por la\u00a0innovaci\u00f3n, el\u00a0rigor\u00a0y el\u00a0trabajo bien hecho. Nuestra misi\u00f3n es ofrecer un\u00a0servicio integral\u00a0que combine dise\u00f1o, producci\u00f3n y calidad en cada proyecto. Calidad Excelencia en cada entrega, cumpliendo los m\u00e1s altos est\u00e1ndares de [&hellip;]<\/p>\n","protected":false},"author":1,"featured_media":0,"parent":0,"menu_order":0,"comment_status":"closed","ping_status":"closed","template":"","meta":{"footnotes":""},"class_list":["post-12","page","type-page","status-publish","hentry"],"_links":{"self":[{"href":"https:\/\/web14.prototipoweb.es\/index.php\/wp-json\/wp\/v2\/pages\/12","targetHints":{"allow":["GET"]}}],"collection":[{"href":"https:\/\/web14.prototipoweb.es\/index.php\/wp-json\/wp\/v2\/pages"}],"about":[{"href":"https:\/\/web14.prototipoweb.es\/index.php\/wp-json\/wp\/v2\/types\/page"}],"author":[{"embeddable":true,"href":"https:\/\/web14.prototipoweb.es\/index.php\/wp-json\/wp\/v2\/users\/1"}],"replies":[{"embeddable":true,"href":"https:\/\/web14.prototipoweb.es\/index.php\/wp-json\/wp\/v2\/comments?post=12"}],"version-history":[{"count":31,"href":"https:\/\/web14.prototipoweb.es\/index.php\/wp-json\/wp\/v2\/pages\/12\/revisions"}],"predecessor-version":[{"id":293,"href":"https:\/\/web14.prototipoweb.es\/index.php\/wp-json\/wp\/v2\/pages\/12\/revisions\/293"}],"wp:attachment":[{"href":"https:\/\/web14.prototipoweb.es\/index.php\/wp-json\/wp\/v2\/media?parent=12"}],"curies":[{"name":"wp","href":"https:\/\/api.w.org\/{rel}","templated":true}]}}